{"id":14286,"date":"2023-07-18T04:12:46","date_gmt":"2023-07-18T04:12:46","guid":{"rendered":"https:\/\/elevenkids711.com\/site\/?page_id=14286"},"modified":"2023-07-31T15:49:07","modified_gmt":"2023-07-31T19:49:07","slug":"sistema-de-apartado","status":"publish","type":"page","link":"https:\/\/elevenkids711.com\/site\/sistema-de-apartado\/","title":{"rendered":"Sistema de apartado"},"content":{"rendered":"\t\t<div data-elementor-type=\"wp-page\" data-elementor-id=\"14286\" class=\"elementor elementor-14286\">\n\t\t\t\t\t\t\t\t\t<section class=\"elementor-section elementor-top-section elementor-element elementor-element-9bc29c4 elementor-section-boxed elementor-section-height-default elementor-section-height-default\" data-id=\"9bc29c4\" data-element_type=\"section\" data-settings=\"{&quot;background_background&quot;:&quot;classic&quot;}\">\n\t\t\t\t\t\t<div class=\"elementor-container elementor-column-gap-no\">\n\t\t\t\t\t<div class=\"elementor-column elementor-col-100 elementor-top-column elementor-element elementor-element-ca35567 elementor-invisible\" data-id=\"ca35567\" data-element_type=\"column\" data-settings=\"{&quot;animation&quot;:&quot;bounceInLeft&quot;}\">\n\t\t\t<div class=\"elementor-widget-wrap elementor-element-populated\">\n\t\t\t\t\t\t\t\t<div class=\"elementor-element elementor-element-f9fd1d9 elementor-widget elementor-widget-heading\" data-id=\"f9fd1d9\" data-element_type=\"widget\" data-widget_type=\"heading.default\">\n\t\t\t\t<div class=\"elementor-widget-container\">\n\t\t\t<style>\/*! elementor - v3.9.2 - 21-12-2022 *\/\n.elementor-heading-title{padding:0;margin:0;line-height:1}.elementor-widget-heading .elementor-heading-title[class*=elementor-size-]>a{color:inherit;font-size:inherit;line-height:inherit}.elementor-widget-heading .elementor-heading-title.elementor-size-small{font-size:15px}.elementor-widget-heading .elementor-heading-title.elementor-size-medium{font-size:19px}.elementor-widget-heading .elementor-heading-title.elementor-size-large{font-size:29px}.elementor-widget-heading .elementor-heading-title.elementor-size-xl{font-size:39px}.elementor-widget-heading .elementor-heading-title.elementor-size-xxl{font-size:59px}<\/style><h2 class=\"elementor-heading-title elementor-size-default\">CONDICIONES PARA EL SISTEMA DE APARTADO<\/h2>\t\t<\/div>\n\t\t\t\t<\/div>\n\t\t\t\t<div class=\"elementor-element elementor-element-9b8f625 elementor-widget elementor-widget-text-editor\" data-id=\"9b8f625\" data-element_type=\"widget\" data-widget_type=\"text-editor.default\">\n\t\t\t\t<div class=\"elementor-widget-container\">\n\t\t\t<style>\/*! elementor - v3.9.2 - 21-12-2022 *\/\n.elementor-widget-text-editor.elementor-drop-cap-view-stacked .elementor-drop-cap{background-color:#818a91;color:#fff}.elementor-widget-text-editor.elementor-drop-cap-view-framed .elementor-drop-cap{color:#818a91;border:3px solid;background-color:transparent}.elementor-widget-text-editor:not(.elementor-drop-cap-view-default) .elementor-drop-cap{margin-top:8px}.elementor-widget-text-editor:not(.elementor-drop-cap-view-default) .elementor-drop-cap-letter{width:1em;height:1em}.elementor-widget-text-editor .elementor-drop-cap{float:left;text-align:center;line-height:1;font-size:50px}.elementor-widget-text-editor .elementor-drop-cap-letter{display:inline-block}<\/style>\t\t\t\t<ol><li>Puedes apartar cualquier art\u00edculo que debes tener disponible con un m\u00ednimo de 30% de su valor total.<\/li><li>En caso de anulaci\u00f3n del o los art\u00edculos apartados por parte del cliente, la empresa descontar\u00e1 el 20% del monto abonado.<\/li><li>El plazo m\u00e1ximo para pagar la totalidad del producto y poder retirarlo es de 90 d\u00edas a partir de la fecha del primer abono. En caso de no cumplir el plazo establecido, el cliente perder\u00e1 el derecho adquirido sobre el o los art\u00edculos apartados y la totalidad del monto abonado.<\/li><li>Se pueden realiza varios abonos hasta completar el pago total dentro de los 90 d\u00edas establecidos por empresa.<\/li><li>El cliente debe mostrar la factura o nota de entrega del o los art\u00edculos apartados para poder retirarlos.<\/li><li>La mercanc\u00eda no se entregar\u00e1 hasta que el art\u00edculo este totalmente pagado, sin excepci\u00f3n.<\/li><li>Las promociones vigentes no aplica para el sistema de apartado.<\/li><\/ol>\t\t\t\t\t\t<\/div>\n\t\t\t\t<\/div>\n\t\t\t\t\t<\/div>\n\t\t<\/div>\n\t\t\t\t\t\t\t<\/div>\n\t\t<\/section>\n\t\t\t\t\t\t\t<\/div>\n\t\t","protected":false},"excerpt":{"rendered":"<p>CONDICIONES PARA EL SISTEMA DE APARTADO Puedes apartar cualquier art\u00edculo que debes tener disponible con un m\u00ednimo de 30% de su valor total. En caso de anulaci\u00f3n del o los art\u00edculos apartados por parte del cliente, la empresa descontar\u00e1 el 20% del monto abonado. El plazo m\u00e1ximo para pagar la totalidad del producto y poder &hellip;<\/p>\n<p class=\"read-more\"> <a class=\"\" href=\"https:\/\/elevenkids711.com\/site\/sistema-de-apartado\/\"> <span class=\"screen-reader-text\">Sistema de apartado<\/span> Leer m\u00e1s \u00bb<\/a><\/p>\n","protected":false},"author":1,"featured_media":0,"parent":0,"menu_order":0,"comment_status":"closed","ping_status":"closed","template":"","meta":{"inline_featured_image":false,"site-sidebar-layout":"no-sidebar","site-content-layout":"page-builder","ast-main-header-display":"","ast-hfb-above-header-display":"","ast-hfb-below-header-display":"","ast-hfb-mobile-header-display":"","site-post-title":"disabled","ast-breadcrumbs-content":"disabled","ast-featured-img":"disabled","footer-sml-layout":"","theme-transparent-header-meta":"disabled","adv-header-id-meta":"","stick-header-meta":"","header-above-stick-meta":"","header-main-stick-meta":"","header-below-stick-meta":"","footnotes":""},"class_list":["post-14286","page","type-page","status-publish","hentry"],"_links":{"self":[{"href":"https:\/\/elevenkids711.com\/site\/wp-json\/wp\/v2\/pages\/14286","targetHints":{"allow":["GET"]}}],"collection":[{"href":"https:\/\/elevenkids711.com\/site\/wp-json\/wp\/v2\/pages"}],"about":[{"href":"https:\/\/elevenkids711.com\/site\/wp-json\/wp\/v2\/types\/page"}],"author":[{"embeddable":true,"href":"https:\/\/elevenkids711.com\/site\/wp-json\/wp\/v2\/users\/1"}],"replies":[{"embeddable":true,"href":"https:\/\/elevenkids711.com\/site\/wp-json\/wp\/v2\/comments?post=14286"}],"version-history":[{"count":14,"href":"https:\/\/elevenkids711.com\/site\/wp-json\/wp\/v2\/pages\/14286\/revisions"}],"predecessor-version":[{"id":14608,"href":"https:\/\/elevenkids711.com\/site\/wp-json\/wp\/v2\/pages\/14286\/revisions\/14608"}],"wp:attachment":[{"href":"https:\/\/elevenkids711.com\/site\/wp-json\/wp\/v2\/media?parent=14286"}],"curies":[{"name":"wp","href":"https:\/\/api.w.org\/{rel}","templated":true}]}}