{"id":14462,"date":"2023-07-25T20:55:44","date_gmt":"2023-07-25T20:55:44","guid":{"rendered":"https:\/\/elevenkids711.com\/site\/?page_id=14462"},"modified":"2023-09-08T22:24:35","modified_gmt":"2023-09-09T02:24:35","slug":"metodos-de-pago-2","status":"publish","type":"page","link":"https:\/\/elevenkids711.com\/site\/metodos-de-pago-2\/","title":{"rendered":"Metodos de pago"},"content":{"rendered":"\t\t<div data-elementor-type=\"wp-page\" data-elementor-id=\"14462\" class=\"elementor elementor-14462\">\n\t\t\t\t\t\t\t\t\t<section class=\"elementor-section elementor-top-section elementor-element elementor-element-9bc29c4 elementor-section-boxed elementor-section-height-default elementor-section-height-default\" data-id=\"9bc29c4\" data-element_type=\"section\" data-settings=\"{&quot;background_background&quot;:&quot;classic&quot;}\">\n\t\t\t\t\t\t<div class=\"elementor-container elementor-column-gap-no\">\n\t\t\t\t\t<div class=\"elementor-column elementor-col-100 elementor-top-column elementor-element elementor-element-6d9fce1 elementor-invisible\" data-id=\"6d9fce1\" data-element_type=\"column\" data-settings=\"{&quot;animation&quot;:&quot;bounceInLeft&quot;}\">\n\t\t\t<div class=\"elementor-widget-wrap elementor-element-populated\">\n\t\t\t\t\t\t\t\t<div class=\"elementor-element elementor-element-be66af6 elementor-widget elementor-widget-heading\" data-id=\"be66af6\" data-element_type=\"widget\" data-widget_type=\"heading.default\">\n\t\t\t\t<div class=\"elementor-widget-container\">\n\t\t\t<style>\/*! elementor - v3.9.2 - 21-12-2022 *\/\n.elementor-heading-title{padding:0;margin:0;line-height:1}.elementor-widget-heading .elementor-heading-title[class*=elementor-size-]>a{color:inherit;font-size:inherit;line-height:inherit}.elementor-widget-heading .elementor-heading-title.elementor-size-small{font-size:15px}.elementor-widget-heading .elementor-heading-title.elementor-size-medium{font-size:19px}.elementor-widget-heading .elementor-heading-title.elementor-size-large{font-size:29px}.elementor-widget-heading .elementor-heading-title.elementor-size-xl{font-size:39px}.elementor-widget-heading .elementor-heading-title.elementor-size-xxl{font-size:59px}<\/style><h2 class=\"elementor-heading-title elementor-size-default\">M\u00e9todos de pago<\/h2>\t\t<\/div>\n\t\t\t\t<\/div>\n\t\t\t\t<section class=\"elementor-section elementor-inner-section elementor-element elementor-element-e8a0c8c elementor-section-boxed elementor-section-height-default elementor-section-height-default\" data-id=\"e8a0c8c\" data-element_type=\"section\">\n\t\t\t\t\t\t<div class=\"elementor-container elementor-column-gap-default\">\n\t\t\t\t\t<div class=\"elementor-column elementor-col-50 elementor-inner-column elementor-element elementor-element-b1d9785\" data-id=\"b1d9785\" data-element_type=\"column\">\n\t\t\t<div class=\"elementor-widget-wrap elementor-element-populated\">\n\t\t\t\t\t\t\t\t<div class=\"elementor-element elementor-element-eb64a86 elementor-widget elementor-widget-text-editor\" data-id=\"eb64a86\" data-element_type=\"widget\" data-widget_type=\"text-editor.default\">\n\t\t\t\t<div class=\"elementor-widget-container\">\n\t\t\t<style>\/*! elementor - v3.9.2 - 21-12-2022 *\/\n.elementor-widget-text-editor.elementor-drop-cap-view-stacked .elementor-drop-cap{background-color:#818a91;color:#fff}.elementor-widget-text-editor.elementor-drop-cap-view-framed .elementor-drop-cap{color:#818a91;border:3px solid;background-color:transparent}.elementor-widget-text-editor:not(.elementor-drop-cap-view-default) .elementor-drop-cap{margin-top:8px}.elementor-widget-text-editor:not(.elementor-drop-cap-view-default) .elementor-drop-cap-letter{width:1em;height:1em}.elementor-widget-text-editor .elementor-drop-cap{float:left;text-align:center;line-height:1;font-size:50px}.elementor-widget-text-editor .elementor-drop-cap-letter{display:inline-block}<\/style>\t\t\t\t<h3>Zelle<\/h3><p>Roselynmarquez@gmail.com<\/p><h3>Paypal<\/h3><p>Gonfel2020@gmail.com<\/p><h3>Banesco Panam\u00e1<\/h3><p>Juan Goncalves<br \/>Cuenta ahorros<br \/>221021269081<\/p><h3>Pago M\u00f3vil<\/h3><p>04143118477<br \/>11203696<br \/>Banco Fondo Com\u00fan<\/p>\t\t\t\t\t\t<\/div>\n\t\t\t\t<\/div>\n\t\t\t\t\t<\/div>\n\t\t<\/div>\n\t\t\t\t<div class=\"elementor-column elementor-col-50 elementor-inner-column elementor-element elementor-element-449a5d3\" data-id=\"449a5d3\" data-element_type=\"column\">\n\t\t\t<div class=\"elementor-widget-wrap elementor-element-populated\">\n\t\t\t\t\t\t\t\t<div class=\"elementor-element elementor-element-ee879d3 elementor-widget elementor-widget-text-editor\" data-id=\"ee879d3\" data-element_type=\"widget\" data-widget_type=\"text-editor.default\">\n\t\t\t\t<div class=\"elementor-widget-container\">\n\t\t\t\t\t\t\t<h3>Mercantil Panama<\/h3><p>Juan Goncalves<br \/>4300038266<\/p><h3>Banco Venezolano de Cr\u00e9dito<\/h3><p>0104 0107 1401 0720 5543<br \/>J-500971397<\/p><h3>Banco Banesco<\/h3><p>0134 0370 8137 0103 0628<br \/>J-500971397<\/p>\t\t\t\t\t\t<\/div>\n\t\t\t\t<\/div>\n\t\t\t\t\t<\/div>\n\t\t<\/div>\n\t\t\t\t\t\t\t<\/div>\n\t\t<\/section>\n\t\t\t\t\t<\/div>\n\t\t<\/div>\n\t\t\t\t\t\t\t<\/div>\n\t\t<\/section>\n\t\t\t\t\t\t\t<\/div>\n\t\t","protected":false},"excerpt":{"rendered":"<p>M\u00e9todos de pago Zelle Roselynmarquez@gmail.com Paypal Gonfel2020@gmail.com Banesco Panam\u00e1 Juan GoncalvesCuenta ahorros221021269081 Pago M\u00f3vil 0414311847711203696Banco Fondo Com\u00fan Mercantil Panama Juan Goncalves4300038266 Banco Venezolano de Cr\u00e9dito 0104 0107 1401 0720 5543J-500971397 Banco Banesco 0134 0370 8137 0103 0628J-500971397<\/p>\n","protected":false},"author":1,"featured_media":0,"parent":0,"menu_order":0,"comment_status":"closed","ping_status":"closed","template":"","meta":{"inline_featured_image":false,"site-sidebar-layout":"no-sidebar","site-content-layout":"page-builder","ast-main-header-display":"","ast-hfb-above-header-display":"","ast-hfb-below-header-display":"","ast-hfb-mobile-header-display":"","site-post-title":"disabled","ast-breadcrumbs-content":"disabled","ast-featured-img":"disabled","footer-sml-layout":"","theme-transparent-header-meta":"disabled","adv-header-id-meta":"","stick-header-meta":"","header-above-stick-meta":"","header-main-stick-meta":"","header-below-stick-meta":"","footnotes":""},"class_list":["post-14462","page","type-page","status-publish","hentry"],"_links":{"self":[{"href":"https:\/\/elevenkids711.com\/site\/wp-json\/wp\/v2\/pages\/14462","targetHints":{"allow":["GET"]}}],"collection":[{"href":"https:\/\/elevenkids711.com\/site\/wp-json\/wp\/v2\/pages"}],"about":[{"href":"https:\/\/elevenkids711.com\/site\/wp-json\/wp\/v2\/types\/page"}],"author":[{"embeddable":true,"href":"https:\/\/elevenkids711.com\/site\/wp-json\/wp\/v2\/users\/1"}],"replies":[{"embeddable":true,"href":"https:\/\/elevenkids711.com\/site\/wp-json\/wp\/v2\/comments?post=14462"}],"version-history":[{"count":16,"href":"https:\/\/elevenkids711.com\/site\/wp-json\/wp\/v2\/pages\/14462\/revisions"}],"predecessor-version":[{"id":15235,"href":"https:\/\/elevenkids711.com\/site\/wp-json\/wp\/v2\/pages\/14462\/revisions\/15235"}],"wp:attachment":[{"href":"https:\/\/elevenkids711.com\/site\/wp-json\/wp\/v2\/media?parent=14462"}],"curies":[{"name":"wp","href":"https:\/\/api.w.org\/{rel}","templated":true}]}}