{"id":27164,"date":"2025-01-27T14:35:09","date_gmt":"2025-01-27T18:35:09","guid":{"rendered":"https:\/\/elevenkids711.com\/site\/?post_type=product&#038;p=27164"},"modified":"2026-02-23T12:25:38","modified_gmt":"2026-02-23T16:25:38","slug":"disfraz-de-spiderman-hombre-arana-para-nino","status":"publish","type":"product","link":"https:\/\/elevenkids711.com\/site\/product\/disfraz-de-spiderman-hombre-arana-para-nino\/","title":{"rendered":"DISFRAZ DE SPIDERMAN (HOMBRE ARA\u00d1A) PARA NI\u00d1O"},"content":{"rendered":"<p>DISFRAZ PARA NI\u00d1O<br \/>\n-PERSONAJE : SPIDERMAN (HOMBRE ARA\u00d1A)<br \/>\nINCLUYE:<br \/>\n-ENTERIZO, GORRO<br \/>\nTALLAS:<br \/>\n-001854: 02<br \/>\n-000449: 06<br \/>\n-000453: 08<\/p>\n","protected":false},"excerpt":{"rendered":"<p>DISFRAZ PARA NI\u00d1O -PERSONAJE : SPIDERMAN (HOMBRE ARA\u00d1A) INCLUYE: -ENTERIZO, GORRO TALLAS: -001854: 02 -000449: 06 -000453: 08<\/p>\n","protected":false},"featured_media":27165,"template":"","meta":{"inline_featured_image":false,"site-sidebar-layout":"default","site-content-layout":"default","ast-main-header-display":"","ast-hfb-above-header-display":"","ast-hfb-below-header-display":"","ast-hfb-mobile-header-display":"","site-post-title":"","ast-breadcrumbs-content":"","ast-featured-img":"","footer-sml-layout":"","theme-transparent-header-meta":"default","adv-header-id-meta":"","stick-header-meta":"default","header-above-stick-meta":"","header-main-stick-meta":"","header-below-stick-meta":""},"product_cat":[139],"product_tag":[],"class_list":["post-27164","product","type-product","status-publish","has-post-thumbnail","hentry","product_cat-disfraz","align-left","box-shadow-0","box-shadow-0-hover","ast-product-gallery-layout-horizontal","ast-product-gallery-with-no-image","ast-product-tabs-layout-vertical"],"_links":{"self":[{"href":"https:\/\/elevenkids711.com\/site\/wp-json\/wp\/v2\/product\/27164","targetHints":{"allow":["GET"]}}],"collection":[{"href":"https:\/\/elevenkids711.com\/site\/wp-json\/wp\/v2\/product"}],"about":[{"href":"https:\/\/elevenkids711.com\/site\/wp-json\/wp\/v2\/types\/product"}],"wp:featuredmedia":[{"embeddable":true,"href":"https:\/\/elevenkids711.com\/site\/wp-json\/wp\/v2\/media\/27165"}],"wp:attachment":[{"href":"https:\/\/elevenkids711.com\/site\/wp-json\/wp\/v2\/media?parent=27164"}],"wp:term":[{"taxonomy":"product_cat","embeddable":true,"href":"https:\/\/elevenkids711.com\/site\/wp-json\/wp\/v2\/product_cat?post=27164"},{"taxonomy":"product_tag","embeddable":true,"href":"https:\/\/elevenkids711.com\/site\/wp-json\/wp\/v2\/product_tag?post=27164"}],"curies":[{"name":"wp","href":"https:\/\/api.w.org\/{rel}","templated":true}]}}