{"id":29617,"date":"2025-09-25T12:06:32","date_gmt":"2025-09-25T16:06:32","guid":{"rendered":"https:\/\/elevenkids711.com\/site\/?post_type=product&#038;p=29617"},"modified":"2025-09-25T12:06:32","modified_gmt":"2025-09-25T16:06:32","slug":"barbie-cutie-reveal-colores-de-ensueno","status":"publish","type":"product","link":"https:\/\/elevenkids711.com\/site\/product\/barbie-cutie-reveal-colores-de-ensueno\/","title":{"rendered":"BARBIE CUTIE REVEAL COLORES DE ENSUE\u00d1O"},"content":{"rendered":"<p>MU\u00d1ECA BARBIE CUTIE REVEAL.<\/p>\n<p>-MODELO: COLORES DE ENSUE\u00d1O.<\/p>\n<p>-INCLUYE: 10 SORPRESAS, MU\u00d1ECA, ACCESORIOS Y MASCOTA. MU\u00d1ECA Y MASCOTA CAMBIAN DE COLOR.<\/p>\n<p>-MEDIDAS: 11,93 PULGADAS DE ALTURA.<\/p>\n<p>-EDAD: 3+.<\/p>\n","protected":false},"excerpt":{"rendered":"<p>MU\u00d1ECA BARBIE CUTIE REVEAL. -MODELO: COLORES DE ENSUE\u00d1O. -INCLUYE: 10 SORPRESAS, MU\u00d1ECA, ACCESORIOS Y MASCOTA. MU\u00d1ECA Y MASCOTA CAMBIAN DE COLOR. -MEDIDAS: 11,93 PULGADAS DE ALTURA. -EDAD: 3+.<\/p>\n","protected":false},"featured_media":29619,"template":"","meta":{"inline_featured_image":false,"site-sidebar-layout":"default","site-content-layout":"default","ast-main-header-display":"","ast-hfb-above-header-display":"","ast-hfb-below-header-display":"","ast-hfb-mobile-header-display":"","site-post-title":"","ast-breadcrumbs-content":"","ast-featured-img":"","footer-sml-layout":"","theme-transparent-header-meta":"default","adv-header-id-meta":"","stick-header-meta":"default","header-above-stick-meta":"","header-main-stick-meta":"","header-below-stick-meta":""},"product_cat":[27],"product_tag":[],"class_list":["post-29617","product","type-product","status-publish","has-post-thumbnail","hentry","product_cat-juguetes","align-left","box-shadow-0","box-shadow-0-hover","ast-product-gallery-layout-horizontal","ast-product-tabs-layout-vertical"],"_links":{"self":[{"href":"https:\/\/elevenkids711.com\/site\/wp-json\/wp\/v2\/product\/29617","targetHints":{"allow":["GET"]}}],"collection":[{"href":"https:\/\/elevenkids711.com\/site\/wp-json\/wp\/v2\/product"}],"about":[{"href":"https:\/\/elevenkids711.com\/site\/wp-json\/wp\/v2\/types\/product"}],"wp:featuredmedia":[{"embeddable":true,"href":"https:\/\/elevenkids711.com\/site\/wp-json\/wp\/v2\/media\/29619"}],"wp:attachment":[{"href":"https:\/\/elevenkids711.com\/site\/wp-json\/wp\/v2\/media?parent=29617"}],"wp:term":[{"taxonomy":"product_cat","embeddable":true,"href":"https:\/\/elevenkids711.com\/site\/wp-json\/wp\/v2\/product_cat?post=29617"},{"taxonomy":"product_tag","embeddable":true,"href":"https:\/\/elevenkids711.com\/site\/wp-json\/wp\/v2\/product_tag?post=29617"}],"curies":[{"name":"wp","href":"https:\/\/api.w.org\/{rel}","templated":true}]}}